{"id":568,"date":"2022-04-14T06:48:12","date_gmt":"2022-04-14T06:48:12","guid":{"rendered":"https:\/\/gssns.de\/?page_id=568"},"modified":"2026-03-10T17:56:00","modified_gmt":"2026-03-10T17:56:00","slug":"impressum","status":"publish","type":"page","link":"https:\/\/gssns.de\/es\/impressum\/","title":{"rendered":"imprimir"},"content":{"rendered":"<p><strong>Seg\u00fan \u00a7 5 TMG<\/strong><br>Gssns GmbH <br>Parkstra\u00dfe 21<br>73072 Donzdorf<br>CEO: Werner Gerstner<br>HRB 751285<br>Amtsgericht Ulm <br>N\u00famero de identificaci\u00f3n fiscal: DE 306837202<\/p>\n\n\n\n<p>max@gssns.de<\/p>\n\n\n\n<p><strong>fuente<\/strong><br>eRecht24<\/p>\n\n\n\n<p><strong>Descargo de responsabilidad<\/strong><br>Responsabilidad por el contenido<br>Como proveedor de servicios, somos responsables de nuestro propio contenido en estas p\u00e1ginas de acuerdo con la Secci\u00f3n 7, P\u00e1rrafo 1 de la Ley Alemana de Telemedia (TMG). Sin embargo, de acuerdo con los \u00a7\u00a7 8 a 10 TMG, nosotros, como proveedores de servicios, no estamos obligados a controlar la informaci\u00f3n de terceros transmitida o almacenada ni a investigar circunstancias que indiquen una actividad ilegal. Las obligaciones de eliminar o bloquear el uso de informaci\u00f3n de acuerdo con las leyes generales no se ver\u00e1n afectadas. Sin embargo, la responsabilidad en este sentido s\u00f3lo es posible a partir del momento en que se tiene conocimiento de una infracci\u00f3n espec\u00edfica de la ley. Tan pronto como tengamos conocimiento de cualquier violaci\u00f3n de la ley, eliminaremos este contenido de inmediato.<br>Responsabilidad por enlaces<br>Nuestra oferta contiene enlaces a sitios web externos de terceros, sobre cuyo contenido no tenemos influencia. Por lo tanto, no podemos asumir ninguna responsabilidad por este contenido externo. El respectivo proveedor u operador de las p\u00e1ginas es siempre responsable del contenido de las p\u00e1ginas enlazadas. Las p\u00e1ginas enlazadas fueron revisadas por posibles violaciones legales en el momento del enlace. El contenido ilegal no era reconocible en el momento de la vinculaci\u00f3n. Sin embargo, un control permanente del contenido de las p\u00e1ginas enlazadas no es razonable sin pruebas concretas de una infracci\u00f3n. Tan pronto como tengamos conocimiento de infracciones legales, eliminaremos dichos enlaces de inmediato.<br>derechos de autor<br>El contenido y los trabajos en estas p\u00e1ginas creados por los operadores del sitio est\u00e1n sujetos a la ley alemana de derechos de autor. La duplicaci\u00f3n, el procesamiento, la distribuci\u00f3n y cualquier tipo de explotaci\u00f3n fuera de los l\u00edmites de los derechos de autor requieren el consentimiento por escrito del respectivo autor.<\/p>","protected":false},"excerpt":{"rendered":"<p>Angaben gem\u00e4\u00df \u00a7 5 TMGGssns GmbH Parkstra\u00dfe 2173072 DonzdorfCEO: Werner GerstnerHRB 751285Amtsgericht Ulm USt ID Nr: DE 306837202 max@gssns.de QuelleeRecht24 Haftungsausschluss (Disclaimer)Haftung f\u00fcr InhalteAls Diensteanbieter sind wir gem\u00e4\u00df \u00a7 7 Abs.1 TMG f\u00fcr eigene Inhalte auf diesen Seiten nach den allgemeinen Gesetzen verantwortlich. Nach \u00a7\u00a7 8 bis 10 TMG sind wir als Diensteanbieter jedoch nicht verpflichtet, \u00fcbermittelte oder gespeicherte fremde Informationen zu \u00fcberwachen oder nach Umst\u00e4nden zu forschen, die auf&hellip;<\/p>","protected":false},"author":1,"featured_media":0,"parent":0,"menu_order":0,"comment_status":"closed","ping_status":"closed","template":"elementor_canvas","meta":{"footnotes":""},"class_list":["post-568","page","type-page","status-publish","hentry"],"_links":{"self":[{"href":"https:\/\/gssns.de\/es\/wp-json\/wp\/v2\/pages\/568","targetHints":{"allow":["GET"]}}],"collection":[{"href":"https:\/\/gssns.de\/es\/wp-json\/wp\/v2\/pages"}],"about":[{"href":"https:\/\/gssns.de\/es\/wp-json\/wp\/v2\/types\/page"}],"author":[{"embeddable":true,"href":"https:\/\/gssns.de\/es\/wp-json\/wp\/v2\/users\/1"}],"replies":[{"embeddable":true,"href":"https:\/\/gssns.de\/es\/wp-json\/wp\/v2\/comments?post=568"}],"version-history":[{"count":3,"href":"https:\/\/gssns.de\/es\/wp-json\/wp\/v2\/pages\/568\/revisions"}],"predecessor-version":[{"id":852,"href":"https:\/\/gssns.de\/es\/wp-json\/wp\/v2\/pages\/568\/revisions\/852"}],"wp:attachment":[{"href":"https:\/\/gssns.de\/es\/wp-json\/wp\/v2\/media?parent=568"}],"curies":[{"name":"wp","href":"https:\/\/api.w.org\/{rel}","templated":true}]}}