{"id":404,"date":"2022-03-22T22:55:11","date_gmt":"2022-03-22T22:55:11","guid":{"rendered":"http:\/\/gssns.de\/terms-of-use-de\/"},"modified":"2025-07-11T23:43:19","modified_gmt":"2025-07-11T23:43:19","slug":"terms-of-use-de","status":"publish","type":"page","link":"https:\/\/gssns.de\/es\/terms-of-use-de\/","title":{"rendered":"Condiciones de uso &#8211; ES"},"content":{"rendered":"<p>Datum des Inkrafttretens &#8211; Juli 12, 2025<\/p>\n<h2>CONDICIONES DE USO<\/h2>\n<p>Su acceso y uso de todo el contenido, productos y servicios disponibles en el sitio web http:\/\/gssns.de (el &quot;Servicio&quot;) operado por Gssns GmbH (&quot;nosotros&quot;, &quot;nos&quot; o &quot;nuestro&quot;) est\u00e1n sujetos a estos T\u00e9rminos de uso.<\/p>\n<p>Su acceso a nuestros Servicios se ofrece condicionado a su aceptaci\u00f3n incondicional de todos los T\u00e9rminos de servicio contenidos en este documento y cualquier otra regla y pol\u00edtica operativa ya publicada o publicada por nosotros de vez en cuando.<\/p>\n<p>Lea atentamente los T\u00e9rminos de servicio antes de acceder o utilizar nuestros Servicios. Al acceder o utilizar nuestros Servicios, usted acepta estos T\u00e9rminos. Si no est\u00e1 de acuerdo con alguna parte de los t\u00e9rminos del Acuerdo, no acceda ni utilice nuestros Servicios.<\/p>\n<h2>Propiedad intelectual<\/h2>\n<p>El Acuerdo no transfiere nuestra propiedad intelectual o la propiedad intelectual de terceros a usted &#8211; y todos los derechos, t\u00edtulos e intereses sobre dicha propiedad permanecer\u00e1n \u00fanicamente con Gssns GmbH y sus licenciantes (como entre las partes).<\/p>\n<h3>Servicios de terceros<\/h3>\n<p>Al usar los Servicios, puede usar servicios, productos, software, integraciones o aplicaciones de terceros (&quot;Servicios de terceros&quot;).<\/p>\n<p>Si utiliza servicios de terceros, acepta lo siguiente:<\/p>\n<ul>\n<li>Cualquier uso de los Servicios de terceros es bajo su propio riesgo y no somos responsables de los sitios web o servicios de terceros.<\/li>\n<li>Usted reconoce y acepta que no seremos responsables de ning\u00fan da\u00f1o o p\u00e9rdida causados por o en relaci\u00f3n con el uso de dicho contenido, productos o servicios disponibles en o a trav\u00e9s de dicho sitio web o servicio son o supuestamente han sido causado<\/li>\n<\/ul>\n<h2>cuentas<\/h2>\n<p>Si el uso de cualquier parte de nuestros Servicios requiere una cuenta, acepta proporcionarnos informaci\u00f3n completa y precisa al registrarse para obtener una cuenta.<\/p>\n<p>Usted es el \u00fanico responsable de todas las actividades que se realicen en su cuenta. Usted es responsable de mantener actualizada la informaci\u00f3n de su cuenta y de mantener segura su contrase\u00f1a.<\/p>\n<p>Usted es responsable de mantener la seguridad de su cuenta utilizada para acceder al Servicio. No debe transmitir ni hacer un mal uso de sus datos de acceso. Debe notificarnos de inmediato sobre cualquier uso no autorizado de su cuenta o al darse cuenta de cualquier otra violaci\u00f3n de la seguridad.<\/p>\n<h2>terminaci\u00f3n<\/h2>\n<p>Podemos rescindir o suspender su acceso a la totalidad o parte de nuestros Servicios en cualquier momento, por cualquier motivo o sin motivo, con o sin previo aviso, y con efecto inmediato.<\/p>\n<p>Si desea rescindir el acuerdo o su cuenta de Gssns GmbH, simplemente puede dejar de utilizar nuestros servicios.<\/p>\n<p>Todas las disposiciones del Acuerdo que por su naturaleza deban sobrevivir a la rescisi\u00f3n sobrevivir\u00e1n a la rescisi\u00f3n &#8211; incluidas, entre otras, las disposiciones de propiedad, renuncias de garant\u00eda, indemnizaciones y limitaciones de responsabilidad.<\/p>\n<h2>Descargo de responsabilidad<\/h2>\n<p>Nuestros Servicios se ofrecen &quot;TAL CUAL&quot; y &quot;SEG\u00daN DISPONIBILIDAD&quot;. Gssns GmbH y sus proveedores y licenciantes renuncian a todas las garant\u00edas de cualquier tipo &#8211; garant\u00edas expresas o impl\u00edcitas &#8211; incluidas, entre otras, las garant\u00edas de comerciabilidad, idoneidad para un prop\u00f3sito particular y no infracci\u00f3n. Ni Gssns GmbH ni sus proveedores y licenciantes garantizan que nuestros servicios estar\u00e1n libres de errores o que el acceso a ellos ser\u00e1 continuo o ininterrumpido. Usted comprende que descarga u obtiene cualquier contenido o servicio a trav\u00e9s de nuestros Servicios bajo su propia discreci\u00f3n y riesgo.<\/p>\n<h3>Jurisdicci\u00f3n y Ley Aplicable<\/h3>\n<p>Salvo que la ley aplicable exija lo contrario, las leyes del Reino Unido regir\u00e1n el Acuerdo y cualquier acceso o uso de nuestros Servicios.<\/p>\n<p>El lugar apropiado para cualquier disputa que surja de o est\u00e9 relacionada con el Acuerdo y el acceso o uso de nuestros Servicios ser\u00e1n los tribunales estatales y federales ubicados en el Reino Unido.<\/p>\n<h2>cambios<\/h2>\n<p>Gssns GmbH se reserva el derecho, a su sola discreci\u00f3n, de modificar o reemplazar estos T\u00e9rminos de uso en cualquier momento.<\/p>\n<p>Si realizamos cambios importantes, se lo notificaremos public\u00e1ndolos en nuestro sitio web o envi\u00e1ndole un correo electr\u00f3nico u otro aviso antes de que los cambios entren en vigencia. El aviso indicar\u00e1 un per\u00edodo de tiempo razonable despu\u00e9s del cual entrar\u00e1n en vigencia los nuevos T\u00e9rminos de servicio.<\/p>\n<p>Si no est\u00e1 de acuerdo con nuestros cambios, debe dejar de usar nuestros Servicios dentro del per\u00edodo especificado o despu\u00e9s de que los cambios hayan entrado en vigencia.<\/p>\n<p>Su uso continuado de nuestros Servicios est\u00e1 sujeto a los nuevos T\u00e9rminos de servicio.<\/p>","protected":false},"excerpt":{"rendered":"<p>Datum des Inkrafttretens &#8211; Juli 12, 2025 NUTZUNGSBEDINGUNGEN Ihr Zugang zu und die Nutzung aller Inhalte, Produkte und Dienstleistungen, die auf der von Gssns GmbH (\u201cwir\u201d, \u201cuns\u201d oder\u201cunser\u201d) betriebenen Website http:\/\/gssns.de (der \u201cDienst\u201d) zur Verf\u00fcgung gestellt werden, unterliegen diesen Nutzungsbedingungen. Ihr Zugang zu unseren Diensten wird angeboten vorbehaltlich Ihrer uneingeschr\u00e4nkten Zustimmung aller hierin enthaltenen Nutzungsbedingungen und aller sonstigen Betriebsregeln und Richtlinien, die bereits ver\u00f6ffentlicht wurden oder von Zeit zu Zeit&hellip;<\/p>","protected":false},"author":1,"featured_media":0,"parent":0,"menu_order":0,"comment_status":"closed","ping_status":"closed","template":"elementor_canvas","meta":{"footnotes":""},"class_list":["post-404","page","type-page","status-publish","hentry"],"_links":{"self":[{"href":"https:\/\/gssns.de\/es\/wp-json\/wp\/v2\/pages\/404","targetHints":{"allow":["GET"]}}],"collection":[{"href":"https:\/\/gssns.de\/es\/wp-json\/wp\/v2\/pages"}],"about":[{"href":"https:\/\/gssns.de\/es\/wp-json\/wp\/v2\/types\/page"}],"author":[{"embeddable":true,"href":"https:\/\/gssns.de\/es\/wp-json\/wp\/v2\/users\/1"}],"replies":[{"embeddable":true,"href":"https:\/\/gssns.de\/es\/wp-json\/wp\/v2\/comments?post=404"}],"version-history":[{"count":3,"href":"https:\/\/gssns.de\/es\/wp-json\/wp\/v2\/pages\/404\/revisions"}],"predecessor-version":[{"id":682,"href":"https:\/\/gssns.de\/es\/wp-json\/wp\/v2\/pages\/404\/revisions\/682"}],"wp:attachment":[{"href":"https:\/\/gssns.de\/es\/wp-json\/wp\/v2\/media?parent=404"}],"curies":[{"name":"wp","href":"https:\/\/api.w.org\/{rel}","templated":true}]}}