{"id":568,"date":"2022-04-14T06:48:12","date_gmt":"2022-04-14T06:48:12","guid":{"rendered":"https:\/\/gssns.de\/?page_id=568"},"modified":"2026-03-10T17:56:00","modified_gmt":"2026-03-10T17:56:00","slug":"impressum","status":"publish","type":"page","link":"https:\/\/gssns.de\/en\/impressum\/","title":{"rendered":"imprint"},"content":{"rendered":"<p><strong>According to \u00a7 5 TMG<\/strong><br>Gssns GmbH <br>Parkstra\u00dfe 21<br>73072 Donzdorf<br>CEO: Werner Gerstner<br>HRB 751285<br>Amtsgericht Ulm <br>VAT ID number: DE 306837202<\/p>\n\n\n\n<p>max@gssns.de<\/p>\n\n\n\n<p><strong>source<\/strong><br>eRecht24<\/p>\n\n\n\n<p><strong>Disclaimer<\/strong><br>Liability for content<br>As a service provider, we are responsible for our own content on these pages according to Section 7, Paragraph 1 of the German Telemedia Act (TMG). According to \u00a7\u00a7 8 to 10 TMG, however, we as a service provider are not obliged to monitor transmitted or stored third-party information or to investigate circumstances that indicate illegal activity. Obligations to remove or block the use of information according to general laws remain unaffected. However, liability in this regard is only possible from the point in time at which knowledge of a specific infringement of the law is known. As soon as we become aware of any violations of the law, we will remove this content immediately.<br>Liability for links<br>Our offer contains links to external third-party websites, the content of which we have no influence on. Therefore we cannot assume any liability for this external content. The respective provider or operator of the pages is always responsible for the content of the linked pages. The linked pages were checked for possible legal violations at the time of linking. Illegal content was not recognizable at the time of linking. However, a permanent control of the content of the linked pages is not reasonable without concrete evidence of an infringement. As soon as we become aware of legal violations, we will remove such links immediately.<br>copyright<br>The content and works on these pages created by the site operators are subject to German copyright law. The duplication, processing, distribution and any kind of exploitation outside the limits of copyright require the written consent of the respective author.<\/p>","protected":false},"excerpt":{"rendered":"<p>Angaben gem\u00e4\u00df \u00a7 5 TMGGssns GmbH Parkstra\u00dfe 2173072 DonzdorfCEO: Werner GerstnerHRB 751285Amtsgericht Ulm USt ID Nr: DE 306837202 max@gssns.de QuelleeRecht24 Haftungsausschluss (Disclaimer)Haftung f\u00fcr InhalteAls Diensteanbieter sind wir gem\u00e4\u00df \u00a7 7 Abs.1 TMG f\u00fcr eigene Inhalte auf diesen Seiten nach den allgemeinen Gesetzen verantwortlich. Nach \u00a7\u00a7 8 bis 10 TMG sind wir als Diensteanbieter jedoch nicht verpflichtet, \u00fcbermittelte oder gespeicherte fremde Informationen zu \u00fcberwachen oder nach Umst\u00e4nden zu forschen, die auf&hellip;<\/p>","protected":false},"author":1,"featured_media":0,"parent":0,"menu_order":0,"comment_status":"closed","ping_status":"closed","template":"elementor_canvas","meta":{"footnotes":""},"class_list":["post-568","page","type-page","status-publish","hentry"],"_links":{"self":[{"href":"https:\/\/gssns.de\/en\/wp-json\/wp\/v2\/pages\/568","targetHints":{"allow":["GET"]}}],"collection":[{"href":"https:\/\/gssns.de\/en\/wp-json\/wp\/v2\/pages"}],"about":[{"href":"https:\/\/gssns.de\/en\/wp-json\/wp\/v2\/types\/page"}],"author":[{"embeddable":true,"href":"https:\/\/gssns.de\/en\/wp-json\/wp\/v2\/users\/1"}],"replies":[{"embeddable":true,"href":"https:\/\/gssns.de\/en\/wp-json\/wp\/v2\/comments?post=568"}],"version-history":[{"count":3,"href":"https:\/\/gssns.de\/en\/wp-json\/wp\/v2\/pages\/568\/revisions"}],"predecessor-version":[{"id":852,"href":"https:\/\/gssns.de\/en\/wp-json\/wp\/v2\/pages\/568\/revisions\/852"}],"wp:attachment":[{"href":"https:\/\/gssns.de\/en\/wp-json\/wp\/v2\/media?parent=568"}],"curies":[{"name":"wp","href":"https:\/\/api.w.org\/{rel}","templated":true}]}}